{"id":4248,"date":"2021-04-25T00:33:29","date_gmt":"2021-04-24T22:33:29","guid":{"rendered":"https:\/\/existentiam.org\/ein-neuer-ansatz\/"},"modified":"2021-05-02T13:31:25","modified_gmt":"2021-05-02T11:31:25","slug":"ein-neuer-ansatz","status":"publish","type":"page","link":"https:\/\/existentiam.org\/de\/ein-neuer-ansatz\/","title":{"rendered":"EIN NEUER ANSATZ"},"content":{"rendered":"\t\t<div data-elementor-type=\"wp-page\" data-elementor-id=\"4248\" class=\"elementor elementor-4248 elementor-1200\">\n\t\t\t\t\t\t<section class=\"elementor-section elementor-top-section elementor-element elementor-element-1f2a182 elementor-section-full_width elementor-section-height-min-height elementor-section-stretched elementor-section-height-default elementor-section-items-middle\" data-id=\"1f2a182\" data-element_type=\"section\" data-settings=\"{&quot;stretch_section&quot;:&quot;section-stretched&quot;,&quot;background_background&quot;:&quot;classic&quot;}\">\n\t\t\t\t\t\t\t<div class=\"elementor-background-overlay\"><\/div>\n\t\t\t\t\t\t\t<div class=\"elementor-container elementor-column-gap-default\">\n\t\t\t\t\t<div class=\"elementor-column elementor-col-100 elementor-top-column elementor-element elementor-element-d6be028\" data-id=\"d6be028\" data-element_type=\"column\">\n\t\t\t<div class=\"elementor-widget-wrap elementor-element-populated\">\n\t\t\t\t\t\t<div class=\"elementor-element elementor-element-fc5bac6 elementor-widget elementor-widget-heading\" data-id=\"fc5bac6\" data-element_type=\"widget\" data-widget_type=\"heading.default\">\n\t\t\t\t<div class=\"elementor-widget-container\">\n\t\t\t<h1 class=\"elementor-heading-title elementor-size-default\">Ein neues Paradigma<\/h1>\t\t<\/div>\n\t\t\t\t<\/div>\n\t\t\t\t\t<\/div>\n\t\t<\/div>\n\t\t\t\t\t<\/div>\n\t\t<\/section>\n\t\t\t\t<section class=\"elementor-section elementor-top-section elementor-element elementor-element-df1ba6d elementor-section-boxed elementor-section-height-default elementor-section-height-default\" data-id=\"df1ba6d\" data-element_type=\"section\">\n\t\t\t\t\t\t<div class=\"elementor-container elementor-column-gap-default\">\n\t\t\t\t\t<div class=\"elementor-column elementor-col-100 elementor-top-column elementor-element elementor-element-2c484c9\" data-id=\"2c484c9\" data-element_type=\"column\">\n\t\t\t<div class=\"elementor-widget-wrap elementor-element-populated\">\n\t\t\t\t\t\t<div class=\"elementor-element elementor-element-2be8d2a7 elementor-widget elementor-widget-heading\" data-id=\"2be8d2a7\" data-element_type=\"widget\" data-widget_type=\"heading.default\">\n\t\t\t\t<div class=\"elementor-widget-container\">\n\t\t\t<h2 class=\"elementor-heading-title elementor-size-default\">Ein neues Modell f\u00fcr den Prozess<\/h2>\t\t<\/div>\n\t\t\t\t<\/div>\n\t\t\t\t<div class=\"elementor-element elementor-element-65ef8a57 elementor-widget elementor-widget-text-editor\" data-id=\"65ef8a57\" data-element_type=\"widget\" data-widget_type=\"text-editor.default\">\n\t\t\t\t<div class=\"elementor-widget-container\">\n\t\t\t\t\t\t\t<p>Heutzutage gibt es mehrere Counseling-, Coaching- und Mentoring-Programme, die jeweils darauf abzielen, unterschiedliche Ressourcen und L\u00f6sungen bereitzustellen, um unsere F\u00e4higkeit zu effektivem Handeln, pers\u00f6nlichem und beruflichem Wachstum zu erh\u00f6hen und zu verbessern, Widrigkeiten zu \u00fcberwinden, Konflikte zu l\u00f6sen und eine Vielzahl von M\u00f6glichkeiten, um noch besser zu werden, als Menschen und Fachkr\u00e4fte, um besser zu leben, gl\u00fccklicher zu sein, eine erf\u00fcllte Existenz voller Sinn und Zweck im Leben zu haben.<\/p>\n<p>Im Gegensatz zu anderen Modellen, bei Existentiam verschmelzen die drei Prozesse, psychologische und philosophische Orientierung (Beratung), Training nach Aufgaben und Zielen (Coaching) und Mentoring, in einem existenziellen Paradigma, wodurch ein neues Modell mit einem innovativen Schwerpunkt entsteht, welches das gemeinsame Ziel der F\u00f6rderung der Verbesserung in Einklang bringt und pers\u00f6nliches Wachstum des Individuums, einschlie\u00dflich seines Verhaltens sowie seiner pers\u00f6nlichen Entwicklung in den verschiedenen Lebensbereichen.<\/p>\n\t\t\t\t\t\t<\/div>\n\t\t\t\t<\/div>\n\t\t\t\t<div class=\"elementor-element elementor-element-61451d55 elementor-widget elementor-widget-heading\" data-id=\"61451d55\" data-element_type=\"widget\" id=\"nuevo-paradigma\" data-widget_type=\"heading.default\">\n\t\t\t\t<div class=\"elementor-widget-container\">\n\t\t\t<h2 class=\"elementor-heading-title elementor-size-default\">In Existentiam stellen sie keine sich einander ausschliessenden Alternativen dar, sondern sind aufeinanderfolgend, sequentiell und komplement\u00e4r.<\/h2>\t\t<\/div>\n\t\t\t\t<\/div>\n\t\t\t\t<div class=\"elementor-element elementor-element-783c11b4 elementor-widget elementor-widget-image\" data-id=\"783c11b4\" data-element_type=\"widget\" data-widget_type=\"image.default\">\n\t\t\t\t<div class=\"elementor-widget-container\">\n\t\t\t\t\t\t\t\t\t\t\t\t\t<img fetchpriority=\"high\" decoding=\"async\" width=\"436\" height=\"419\" src=\"https:\/\/existentiam.org\/wp-content\/uploads\/2021\/04\/Graf-CoCoMe-640.png\" class=\"attachment-large size-large wp-image-3771\" alt=\"\" srcset=\"https:\/\/existentiam.org\/wp-content\/uploads\/2021\/04\/Graf-CoCoMe-640.png 436w, https:\/\/existentiam.org\/wp-content\/uploads\/2021\/04\/Graf-CoCoMe-640-300x288.png 300w\" sizes=\"(max-width: 436px) 100vw, 436px\" \/>\t\t\t\t\t\t\t\t\t\t\t\t\t<\/div>\n\t\t\t\t<\/div>\n\t\t\t\t<div class=\"elementor-element elementor-element-61cafc1a elementor-widget elementor-widget-text-editor\" data-id=\"61cafc1a\" data-element_type=\"widget\" data-widget_type=\"text-editor.default\">\n\t\t\t\t<div class=\"elementor-widget-container\">\n\t\t\t\t\t\t\t<p>In diesem neuen Modell ist die Herangehensweise an diese drei Arten von Beziehungen oder Prozessen im Gegensatz zur Psychotherapie (abgeleitet aus dem medizinischen Modell, die eine Krankheit heilen soll) nicht nur &#8222;therapeutisch&#8220;, und nich auch nur &#8222;idealistisch&#8220; auf die Ziele, sondern eher &#8222;realistisch&#8220; und auf praktische Ergebnisse in Deinem Leben und Deiner aktuellen Situation ausgerichtet.<\/p>\n<p>Ebenso zielt dieses neue existenzielle Modell des Couselings, Coachings und Mentorings auf die pers\u00f6nliche Entwicklung und das Wachstum ab, w\u00e4hrend in der Psychotherapie die Umstrukturierung der Pers\u00f6nlichkeit angestrebt wird, um eine bessere Anpassung des Patienten an die Realit\u00e4t\u00a0 zu erreichen.<\/p>\n<p>Es ist offensichtlich, dass die Ergebnisse der in den letzten Jahrzehnten erzielten Forschung best\u00e4tigen, dass die drei Arten von Beziehungsprozessen komplement\u00e4re Rollen erf\u00fcllen k\u00f6nnen, wenn die Anwendung von den Anliegen und besonderen Bed\u00fcrfnissen jeder Person, Gruppe oder Organisation abh\u00e4ngt.<\/p>\n\t\t\t\t\t\t<\/div>\n\t\t\t\t<\/div>\n\t\t\t\t\t<\/div>\n\t\t<\/div>\n\t\t\t\t\t<\/div>\n\t\t<\/section>\n\t\t\t\t<section class=\"elementor-section elementor-top-section elementor-element elementor-element-c226934 elementor-section-boxed elementor-section-height-default elementor-section-height-default\" data-id=\"c226934\" data-element_type=\"section\">\n\t\t\t\t\t\t<div class=\"elementor-container elementor-column-gap-default\">\n\t\t\t\t\t<div class=\"elementor-column elementor-col-100 elementor-top-column elementor-element elementor-element-5255868\" data-id=\"5255868\" data-element_type=\"column\">\n\t\t\t<div class=\"elementor-widget-wrap elementor-element-populated\">\n\t\t\t\t\t\t<div class=\"elementor-element elementor-element-3a43a95 elementor-align-center elementor-mobile-align-justify elementor-widget elementor-widget-button\" data-id=\"3a43a95\" data-element_type=\"widget\" data-widget_type=\"button.default\">\n\t\t\t\t<div class=\"elementor-widget-container\">\n\t\t\t\t\t<div class=\"elementor-button-wrapper\">\n\t\t\t<a class=\"elementor-button elementor-button-link elementor-size-md\" href=\"https:\/\/existentiam.org\/de\/methodik-modalitaeten-programme\/\" target=\"_blank\">\n\t\t\t\t\t\t<span class=\"elementor-button-content-wrapper\">\n\t\t\t\t\t\t\t\t\t<span class=\"elementor-button-text\">WEITER<\/span>\n\t\t\t\t\t<\/span>\n\t\t\t\t\t<\/a>\n\t\t<\/div>\n\t\t\t\t<\/div>\n\t\t\t\t<\/div>\n\t\t\t\t\t<\/div>\n\t\t<\/div>\n\t\t\t\t\t<\/div>\n\t\t<\/section>\n\t\t\t\t<section class=\"elementor-section elementor-top-section elementor-element elementor-element-3241d8f elementor-section-height-min-height elementor-section-stretched elementor-section-boxed elementor-section-height-default elementor-section-items-middle\" data-id=\"3241d8f\" data-element_type=\"section\" data-settings=\"{&quot;background_background&quot;:&quot;classic&quot;,&quot;stretch_section&quot;:&quot;section-stretched&quot;}\">\n\t\t\t\t\t\t<div class=\"elementor-container elementor-column-gap-default\">\n\t\t\t\t\t<div class=\"elementor-column elementor-col-100 elementor-top-column elementor-element elementor-element-33f3cac\" data-id=\"33f3cac\" data-element_type=\"column\">\n\t\t\t<div class=\"elementor-widget-wrap elementor-element-populated\">\n\t\t\t\t\t\t<div class=\"elementor-element elementor-element-5726c0a elementor-widget elementor-widget-heading\" data-id=\"5726c0a\" data-element_type=\"widget\" data-widget_type=\"heading.default\">\n\t\t\t\t<div class=\"elementor-widget-container\">\n\t\t\t<h2 class=\"elementor-heading-title elementor-size-default\">FOLGE MIR AUF SOCIAL<\/h2>\t\t<\/div>\n\t\t\t\t<\/div>\n\t\t\t\t<div class=\"elementor-element elementor-element-fd8c9f3 elementor-shape-circle elementor-grid-0 e-grid-align-center elementor-widget elementor-widget-social-icons\" data-id=\"fd8c9f3\" data-element_type=\"widget\" data-widget_type=\"social-icons.default\">\n\t\t\t\t<div class=\"elementor-widget-container\">\n\t\t\t\t\t<div class=\"elementor-social-icons-wrapper elementor-grid\">\n\t\t\t\t\t\t\t<span class=\"elementor-grid-item\">\n\t\t\t\t\t<a class=\"elementor-icon elementor-social-icon elementor-social-icon-linkedin elementor-repeater-item-adde4a1\" href=\"https:\/\/www.linkedin.com\/in\/bernhard-schieber\/\" target=\"_blank\">\n\t\t\t\t\t\t<span class=\"elementor-screen-only\">Linkedin<\/span>\n\t\t\t\t\t\t<i class=\"fab fa-linkedin\"><\/i>\t\t\t\t\t<\/a>\n\t\t\t\t<\/span>\n\t\t\t\t\t\t\t<span class=\"elementor-grid-item\">\n\t\t\t\t\t<a class=\"elementor-icon elementor-social-icon elementor-social-icon-youtube elementor-repeater-item-7805c68\" href=\"https:\/\/www.youtube.com\/channel\/UCl9RDrK3Q_uIlcnzic1VKXA\" target=\"_blank\">\n\t\t\t\t\t\t<span class=\"elementor-screen-only\">Youtube<\/span>\n\t\t\t\t\t\t<i class=\"fab fa-youtube\"><\/i>\t\t\t\t\t<\/a>\n\t\t\t\t<\/span>\n\t\t\t\t\t\t\t<span class=\"elementor-grid-item\">\n\t\t\t\t\t<a class=\"elementor-icon elementor-social-icon elementor-social-icon-facebook elementor-repeater-item-2d24f7f\" href=\"https:\/\/www.facebook.com\/Existentiam\/\" target=\"_blank\">\n\t\t\t\t\t\t<span class=\"elementor-screen-only\">Facebook<\/span>\n\t\t\t\t\t\t<i class=\"fab fa-facebook\"><\/i>\t\t\t\t\t<\/a>\n\t\t\t\t<\/span>\n\t\t\t\t\t\t\t<span class=\"elementor-grid-item\">\n\t\t\t\t\t<a class=\"elementor-icon elementor-social-icon elementor-social-icon-instagram elementor-repeater-item-e0d97bb\" href=\"https:\/\/www.instagram.com\/existent.i.am\/\" target=\"_blank\">\n\t\t\t\t\t\t<span class=\"elementor-screen-only\">Instagram<\/span>\n\t\t\t\t\t\t<i class=\"fab fa-instagram\"><\/i>\t\t\t\t\t<\/a>\n\t\t\t\t<\/span>\n\t\t\t\t\t<\/div>\n\t\t\t\t<\/div>\n\t\t\t\t<\/div>\n\t\t\t\t\t<\/div>\n\t\t<\/div>\n\t\t\t\t\t<\/div>\n\t\t<\/section>\n\t\t\t\t<\/div>\n\t\t","protected":false},"excerpt":{"rendered":"<p>Ein neues Paradigma Ein neues Modell f\u00fcr den Prozess Heutzutage gibt es mehrere Counseling-, Coaching- und Mentoring-Programme, die jeweils darauf abzielen, unterschiedliche Ressourcen und L\u00f6sungen bereitzustellen, um unsere F\u00e4higkeit zu effektivem Handeln, pers\u00f6nlichem und beruflichem Wachstum zu erh\u00f6hen und zu verbessern, Widrigkeiten zu \u00fcberwinden, Konflikte zu l\u00f6sen und eine Vielzahl von M\u00f6glichkeiten, um noch besser [&hellip;]<\/p>\n","protected":false},"author":2,"featured_media":0,"parent":0,"menu_order":0,"comment_status":"closed","ping_status":"closed","template":"elementor_header_footer","meta":{"_monsterinsights_skip_tracking":false,"_monsterinsights_sitenote_active":false,"_monsterinsights_sitenote_note":"","_monsterinsights_sitenote_category":0,"ocean_post_layout":"","ocean_both_sidebars_style":"","ocean_both_sidebars_content_width":0,"ocean_both_sidebars_sidebars_width":0,"ocean_sidebar":"0","ocean_second_sidebar":"0","ocean_disable_margins":"enable","ocean_add_body_class":"","ocean_shortcode_before_top_bar":"","ocean_shortcode_after_top_bar":"","ocean_shortcode_before_header":"","ocean_shortcode_after_header":"","ocean_has_shortcode":"","ocean_shortcode_after_title":"","ocean_shortcode_before_footer_widgets":"","ocean_shortcode_after_footer_widgets":"","ocean_shortcode_before_footer_bottom":"","ocean_shortcode_after_footer_bottom":"","ocean_display_top_bar":"default","ocean_display_header":"default","ocean_header_style":"","ocean_center_header_left_menu":"0","ocean_custom_header_template":"0","ocean_custom_logo":0,"ocean_custom_retina_logo":0,"ocean_custom_logo_max_width":0,"ocean_custom_logo_tablet_max_width":0,"ocean_custom_logo_mobile_max_width":0,"ocean_custom_logo_max_height":0,"ocean_custom_logo_tablet_max_height":0,"ocean_custom_logo_mobile_max_height":0,"ocean_header_custom_menu":"0","ocean_menu_typo_font_family":"0","ocean_menu_typo_font_subset":"","ocean_menu_typo_font_size":0,"ocean_menu_typo_font_size_tablet":0,"ocean_menu_typo_font_size_mobile":0,"ocean_menu_typo_font_size_unit":"px","ocean_menu_typo_font_weight":"","ocean_menu_typo_font_weight_tablet":"","ocean_menu_typo_font_weight_mobile":"","ocean_menu_typo_transform":"","ocean_menu_typo_transform_tablet":"","ocean_menu_typo_transform_mobile":"","ocean_menu_typo_line_height":0,"ocean_menu_typo_line_height_tablet":0,"ocean_menu_typo_line_height_mobile":0,"ocean_menu_typo_line_height_unit":"","ocean_menu_typo_spacing":0,"ocean_menu_typo_spacing_tablet":0,"ocean_menu_typo_spacing_mobile":0,"ocean_menu_typo_spacing_unit":"","ocean_menu_link_color":"","ocean_menu_link_color_hover":"","ocean_menu_link_color_active":"","ocean_menu_link_background":"","ocean_menu_link_hover_background":"","ocean_menu_link_active_background":"","ocean_menu_social_links_bg":"","ocean_menu_social_hover_links_bg":"","ocean_menu_social_links_color":"","ocean_menu_social_hover_links_color":"","ocean_disable_title":"on","ocean_disable_heading":"default","ocean_post_title":"","ocean_post_subheading":"","ocean_post_title_style":"","ocean_post_title_background_color":"","ocean_post_title_background":0,"ocean_post_title_bg_image_position":"","ocean_post_title_bg_image_attachment":"","ocean_post_title_bg_image_repeat":"","ocean_post_title_bg_image_size":"","ocean_post_title_height":0,"ocean_post_title_bg_overlay":0.5,"ocean_post_title_bg_overlay_color":"","ocean_disable_breadcrumbs":"default","ocean_breadcrumbs_color":"","ocean_breadcrumbs_separator_color":"","ocean_breadcrumbs_links_color":"","ocean_breadcrumbs_links_hover_color":"","ocean_display_footer_widgets":"default","ocean_display_footer_bottom":"default","ocean_custom_footer_template":"0","footnotes":""},"aioseo_notices":[],"_links":{"self":[{"href":"https:\/\/existentiam.org\/de\/wp-json\/wp\/v2\/pages\/4248"}],"collection":[{"href":"https:\/\/existentiam.org\/de\/wp-json\/wp\/v2\/pages"}],"about":[{"href":"https:\/\/existentiam.org\/de\/wp-json\/wp\/v2\/types\/page"}],"author":[{"embeddable":true,"href":"https:\/\/existentiam.org\/de\/wp-json\/wp\/v2\/users\/2"}],"replies":[{"embeddable":true,"href":"https:\/\/existentiam.org\/de\/wp-json\/wp\/v2\/comments?post=4248"}],"version-history":[{"count":11,"href":"https:\/\/existentiam.org\/de\/wp-json\/wp\/v2\/pages\/4248\/revisions"}],"predecessor-version":[{"id":4624,"href":"https:\/\/existentiam.org\/de\/wp-json\/wp\/v2\/pages\/4248\/revisions\/4624"}],"wp:attachment":[{"href":"https:\/\/existentiam.org\/de\/wp-json\/wp\/v2\/media?parent=4248"}],"curies":[{"name":"wp","href":"https:\/\/api.w.org\/{rel}","templated":true}]}}